{"id":1015,"date":"2024-03-27T12:35:41","date_gmt":"2024-03-27T10:35:41","guid":{"rendered":"https:\/\/norrlandsoperan.se\/erbjudanden-rabatter\/"},"modified":"2026-02-06T15:23:45","modified_gmt":"2026-02-06T13:23:45","slug":"offers-discounts","status":"publish","type":"page","link":"https:\/\/norrlandsoperan.se\/en\/offers-discounts\/","title":{"rendered":"Offers"},"content":{"rendered":"\n<section class=\"wp-block-noor-blocks-section nb-section position-relative  py-64 py-md-80 pt-lg-96 pb-lg-112\">\n<div class=\"wp-block-noor-blocks-container nb-container container-fluid\">\n<div class=\"wp-block-noor-blocks-row nb-row row\">\n<div class=\"wp-block-noor-blocks-column col nb-column col-12 col-md-8 col-lg-5 col-xl-3 offset-md-2 offset-lg-1 offset-xl-2 order-2 order-lg-1\">\n<picture class=\"wp-block-noor-blocks-image nb-mask nb-image\"><img src=\"https:\/\/norrlandsoperan.se\/wp-content\/uploads\/2024\/04\/mg_mingel_latraviata_181006_4625-scaled-1.jpg\" alt=\"\" loading=\"eager\" decoding=\"async\" srcset=\"https:\/\/norrlandsoperan.se\/wp-content\/uploads\/2024\/04\/mg_mingel_latraviata_181006_4625-scaled-1.jpg 456w, https:\/\/norrlandsoperan.se\/wp-content\/uploads\/2024\/04\/mg_mingel_latraviata_181006_4625-scaled-1-150x150.jpg 150w, https:\/\/norrlandsoperan.se\/wp-content\/uploads\/2024\/04\/mg_mingel_latraviata_181006_4625-scaled-1-261x300.jpg 261w\" class=\" object-fit-cover object-position-center\"\/><\/picture>\n<\/div>\n\n\n\n<div class=\"wp-block-noor-blocks-column col nb-column align-self-lg-center col-12 col-md-10 col-lg-5 col-xl-4 offset-md-2 offset-lg-0 offset-xl-1 order-1 order-lg-2\">\n<div class=\"wp-block-noor-blocks-group nb-group d-flex flex-column align-items-start justify-content-center  h-100\">\n<h1 class=\"wp-block-noor-blocks-heading nb-heading nb-cursor-default nb-heading-h1  hero2 content-animation text-break\">Offers<\/h1>\n\n\n\n<p class=\"wp-block-noor-blocks-paragraph nb-paragraph mb-64 m-lg-0 pe-md-64 ps-md-96 pe-lg-64 ps-lg-96 no-top-line-small lead-text\">Don&#8217;t miss out on current offers, gift cards and our appreciated subscriptions.<\/p>\n<\/div>\n<\/div>\n<\/div>\n<\/div>\n<\/section>\n\n\n\n<section class=\"wp-block-noor-blocks-section nb-section position-relative  py-80 py-md-128 py-lg-192\">\n<div class=\"wp-block-noor-blocks-container nb-container container-fluid\">\n<div class=\"wp-block-noor-blocks-row nb-row row  gy-96 gy-md-128 gy-lg-192\">\n<div class=\"wp-block-noor-blocks-column col nb-column col-12 col-md-10 offset-md-1\">\n<div class=\"wp-block-noor-blocks-row nb-row row\">\n<div class=\"wp-block-noor-blocks-column col nb-column align-self-lg-center col-12 col-lg-6  order-2 order-lg-1\">\n<picture class=\"wp-block-noor-blocks-image nb-mask nb-image false  mt-48 mt-lg-0\" style=\"width:-1px\"><img src=\"https:\/\/norrlandsoperan.se\/wp-content\/uploads\/2024\/04\/midsommarnattsdroem-150417-hn-3386-liten-scaled-1.jpg\" alt=\"\" loading=\"eager\" decoding=\"async\" srcset=\"https:\/\/norrlandsoperan.se\/wp-content\/uploads\/2024\/04\/midsommarnattsdroem-150417-hn-3386-liten-scaled-1.jpg 2560w, https:\/\/norrlandsoperan.se\/wp-content\/uploads\/2024\/04\/midsommarnattsdroem-150417-hn-3386-liten-scaled-1-1024x681.jpg 1024w, https:\/\/norrlandsoperan.se\/wp-content\/uploads\/2024\/04\/midsommarnattsdroem-150417-hn-3386-liten-scaled-1-150x150.jpg 150w, https:\/\/norrlandsoperan.se\/wp-content\/uploads\/2024\/04\/midsommarnattsdroem-150417-hn-3386-liten-scaled-1-300x200.jpg 300w\" sizes=\"(max-width: -1px) 100vw, -1px\" class=\"false object-fit-cover object-position-center\"\/><\/picture>\n<\/div>\n\n\n\n<div class=\"wp-block-noor-blocks-column col nb-column col-12 col-lg-5 offset-lg-1 order-1 order-lg-2\">\n<div class=\"wp-block-noor-blocks-group nb-group d-flex flex-column align-items-start justify-content-center  ps-lg-80 h-100\">\n<h2 class=\"wp-block-noor-blocks-heading nb-heading nb-cursor-default nb-heading-h2 content-animation\">Gift an experience<\/h2>\n\n\n\n<p>Our gift card is perfect for those who appreciate culture in all its forms. The gift card is valid for 2 years and can also be used to purchase intermission snacks or opera menus.<\/p>\n\n\n\n<a href=\"https:\/\/biljett.norrlandsoperan.se\/sv\/buyingflow\/giftcard\" rel=\"noopener\" role=\"button\" class=\"wp-block-noor-blocks-button nb-btn nb-btn-primary bg-black px-24 py-12 px-lg-32 py-lg-16 text-white bg-hover-white text-hover-black\" style=\"border-radius:0px;border-width:2px;border-color:black\"><span class=\"nb-button-overlay\"><\/span><span class=\"nb-btn-text\">Buy gift card<\/span><\/a>\n<\/div>\n<\/div>\n<\/div>\n<\/div>\n\n\n\n<div class=\"wp-block-noor-blocks-column col nb-column col-12 col-md-10 offset-md-1\">\n<div class=\"wp-block-noor-blocks-row nb-row row\">\n<div class=\"wp-block-noor-blocks-column col nb-column align-self-lg-center col-12 col-lg-5\">\n<div class=\"wp-block-noor-blocks-group nb-group d-flex flex-column align-items-start justify-content-center  h-100\">\n<h2 class=\"wp-block-noor-blocks-heading nb-heading nb-cursor-default nb-heading-h2 content-animation\">Experience even more<\/h2>\n\n\n\n<p class=\"wp-block-noor-blocks-paragraph nb-paragraph mb-32 mb-md-48 mb-lg-40 pe-lg-80 no-top-line-small\">A subscription at Norrlandsoperan is your ticket to our biggest performances in opera, dance and concert. You get discounts, priority seating and surprises.<\/p>\n\n\n\n<a href=\"https:\/\/norrlandsoperan.se\/en\/subscriptions\/\" rel=\"noopener\" role=\"button\" class=\"wp-block-noor-blocks-button nb-btn nb-btn-custom bg-black px-24 py-12 px-lg-32 py-lg-16 text-white bg-hover-white text-hover-black\" style=\"border-radius:0px;border-width:2px;border-color:black\"><span class=\"nb-button-overlay\"><\/span><span class=\"nb-btn-text\">Apply for a subscription<\/span><\/a>\n<\/div>\n<\/div>\n\n\n\n<div class=\"wp-block-noor-blocks-column col nb-column col-12 col-lg-6 offset-lg-1\">\n<picture class=\"wp-block-noor-blocks-image nb-mask nb-image false  mt-48 mt-lg-0\" style=\"width:-1px\"><img src=\"https:\/\/norrlandsoperan.se\/wp-content\/uploads\/2024\/04\/NOSO-mar-2023-4028-web.jpg\" alt=\"\" loading=\"eager\" decoding=\"async\" srcset=\"https:\/\/norrlandsoperan.se\/wp-content\/uploads\/2024\/04\/NOSO-mar-2023-4028-web.jpg 1600w, https:\/\/norrlandsoperan.se\/wp-content\/uploads\/2024\/04\/NOSO-mar-2023-4028-web-1024x683.jpg 1024w, https:\/\/norrlandsoperan.se\/wp-content\/uploads\/2024\/04\/NOSO-mar-2023-4028-web-150x150.jpg 150w, https:\/\/norrlandsoperan.se\/wp-content\/uploads\/2024\/04\/NOSO-mar-2023-4028-web-300x200.jpg 300w\" sizes=\"(max-width: -1px) 100vw, -1px\" class=\"false object-fit-cover object-position-center\"\/><\/picture>\n<\/div>\n<\/div>\n<\/div>\n<\/div>\n<\/div>\n<\/section>\n\n\n\n<section class=\"wp-block-noor-blocks-section nb-section position-relative  py-40 pt-md-48 pb-md-64 py-lg-80 bg-black\">\n<div class=\"wp-block-noor-blocks-container nb-container container-fluid\">\n<div class=\"wp-block-noor-blocks-row nb-row row\">\n<div class=\"wp-block-noor-blocks-column col nb-column col-12 col-lg-4 offset-lg-2\">\n<h2 class=\"wp-block-noor-blocks-heading nb-heading nb-cursor-default nb-heading-h2  text-white content-animation no-bottom-line\">Discounted tickets for Norrlandsoperan&#8217;s own performances<\/h2>\n<\/div>\n\n\n\n<div class=\"wp-block-noor-blocks-column col nb-column col-12 col-lg-4\">\n<p class=\"has-white-color has-text-color has-link-color wp-elements-8f610460d51bcdf3a30776faa72ed867\"><strong>0-2 years&nbsp;<\/strong><\/p>\n\n\n\n<p class=\"has-white-color has-text-color has-link-color wp-elements-64355e397f076261f599dbc286a5a8b3\">Small children sitting on an adult&#8217;s lap enter for free and do not need their own ticket. Please note that this does not apply to performances specifically aimed at this age group.<\/p>\n\n\n\n<p class=\"has-white-color has-text-color has-link-color wp-elements-c760525a74c61ada9bd41110cf34be3c\"><strong>Up to and including 18 years<\/strong><\/p>\n\n\n\n<p class=\"has-white-color has-text-color has-link-color wp-elements-8883af016c8c107332400292645ac535\">Children and youths pay 80-100 SEK for a ticket applies to family, opera and dance performances, concerts with the Norrlandsopera Symphony Orchestra.<\/p>\n\n\n\n<p class=\"has-white-color has-text-color has-link-color wp-elements-1edb603b0ecdc3513142af7e01f50ef6\"><strong>19-26 years<\/strong><\/p>\n\n\n\n<p class=\"has-white-color has-text-color has-link-color wp-elements-15635dbeb569f61482313af2d1ea4e80\">Youths between 19 and 26 years old get 50% discount on regular prices applies to opera performances, concerts with the Norrlandsopera Symphony Orchestra and dance performances.<\/p>\n\n\n\n<p class=\"has-white-color has-text-color has-link-color wp-elements-fd0825f651fc9239d996639916d5da41\"><strong>Student<\/strong><\/p>\n\n\n\n<p class=\"has-white-color has-text-color has-link-color wp-elements-2738182da8893994695bde7bb51a4d7b\">Students receive a 50% discount on the regular price applies to opera performances, concerts with the Norrlandsopera Symphony Orchestra and dance performances.<\/p>\n\n\n\n<p class=\"has-white-color has-text-color has-link-color wp-elements-c8f4f273800157b1c3a4b55ebd3777cc\"><strong>Pensioners<\/strong><\/p>\n\n\n\n<p class=\"has-white-color has-text-color has-link-color wp-elements-e418ec980150f4a48b93ca914360df94\">The discount is available for both retirement and disability pensioners, with a general reduction of 10% on the regular price applies to opera performances, concerts with the Norrlandsopera Symphony Orchestra and dance performances.. Details about the price can be found on the page for each performance.<\/p>\n\n\n\n<p class=\"has-white-color has-text-color has-link-color wp-elements-a4ed274bd0271956b9edae3a4f8228ff\"><strong>Groups over 10 people<\/strong><\/p>\n\n\n\n<p class=\"has-white-color has-text-color has-link-color wp-elements-2defe32df5754e3ac414a38fa6c07705\">For group bookings of more than 10 people, contact customer service. Groups always receive a 10% discount on the regular price applies to opera performances, concerts with the Norrlandsopera Symphony Orchestra and dance performances.<\/p>\n\n\n\n<p class=\"has-white-color has-text-color has-link-color wp-elements-ad6962ec1cba671a21727de98449e2f7\"><strong>Scene pass<\/strong><\/p>\n\n\n\n<p class=\"has-white-color has-text-color has-link-color wp-elements-9d19d0eff57bb7e007f22df8407ca80b\">Scene pass holders receive 10 % discount on the regular price on the regular price applies to opera performances, concerts with the Norrlandsopera Symphony Orchestra and dance performances.<\/p>\n\n\n\n<p class=\"has-white-color has-text-color has-link-color wp-elements-5e71119f7d04b68590b7483dde566581\"><em>Multiple discounts cannot be combined.<\/em><\/p>\n<\/div>\n<\/div>\n<\/div>\n<\/section>\n\n\n\n<section class=\"wp-block-noor-blocks-section nb-section position-relative  py-80 py-md-128 py-lg-192\">\n<div class=\"wp-block-noor-blocks-container nb-container container-fluid\">\n<div class=\"wp-block-noor-blocks-row nb-row row  gy-96 gy-md-128 gy-lg-192\">\n<div class=\"wp-block-noor-blocks-column col nb-column col-12 col-md-10 offset-md-1\">\n<div class=\"wp-block-noor-blocks-row nb-row row\">\n<div class=\"wp-block-noor-blocks-column col nb-column align-self-lg-center col-12 col-lg-6  order-2 order-lg-1\">\n<picture class=\"wp-block-noor-blocks-image nb-mask nb-image false  mt-48 mt-lg-0\" style=\"width:-1px\"><img src=\"https:\/\/norrlandsoperan.se\/wp-content\/uploads\/2024\/03\/program.jpg\" loading=\"eager\" decoding=\"async\" srcset=\"https:\/\/norrlandsoperan.se\/wp-content\/uploads\/2024\/03\/program.jpg 776w, https:\/\/norrlandsoperan.se\/wp-content\/uploads\/2024\/03\/program-150x150.jpg 150w, https:\/\/norrlandsoperan.se\/wp-content\/uploads\/2024\/03\/program-300x203.jpg 300w\" sizes=\"(max-width: -1px) 100vw, -1px\" class=\"false object-fit-cover object-position-center\"\/><\/picture>\n<\/div>\n\n\n\n<div class=\"wp-block-noor-blocks-column col nb-column col-12 col-lg-5 offset-lg-1 order-1 order-lg-2\">\n<div class=\"wp-block-noor-blocks-group nb-group d-flex flex-column align-items-start justify-content-center  ps-lg-80 h-100\">\n<h2 class=\"wp-block-noor-blocks-heading nb-heading nb-cursor-default nb-heading-h2 content-animation\">Apply for a bus grant<\/h2>\n\n\n\n<p>With the bus grant, the ambition is to make culture more accessible for culture enthusiasts in Norrland. The grant offers financial support for bus transportation to Norrlandsoperan, enabling culture enthusiasts from V\u00e4sternorrland, J\u00e4mtland, V\u00e4sterbotten and Norrbotten to experience opera and dance up close. The aim is to break down geographical and financial barriers and encourage cultural participation. Apply through our website to take part in easy, accessible and enriching culture.<\/p>\n\n\n\n<a href=\"https:\/\/norrlandsoperan.se\/en\/bus-grant\/\" rel=\"noopener\" role=\"button\" class=\"wp-block-noor-blocks-button nb-btn nb-btn-primary bg-black px-24 py-12 px-lg-32 py-lg-16 text-white bg-hover-white text-hover-black\" style=\"border-radius:0px;border-width:2px;border-color:black\"><span class=\"nb-button-overlay\"><\/span><span class=\"nb-btn-text\">Apply for a grant<\/span><\/a>\n<\/div>\n<\/div>\n<\/div>\n<\/div>\n<\/div>\n<\/div>\n<\/section>\n","protected":false},"excerpt":{"rendered":"","protected":false},"author":1,"featured_media":0,"parent":0,"menu_order":0,"comment_status":"closed","ping_status":"closed","template":"","meta":{"footnotes":""},"class_list":["post-1015","page","type-page","status-publish","hentry"],"yoast_head":"<!-- This site is optimized with the Yoast SEO plugin v27.3 - https:\/\/yoast.com\/product\/yoast-seo-wordpress\/ -->\n<title>Offers | Norrlandsoperan<\/title>\n<meta name=\"description\" content=\"Don&#039;t miss current offers and our appreciated subscriptions.\" \/>\n<meta name=\"robots\" content=\"index, follow, max-snippet:-1, max-image-preview:large, max-video-preview:-1\" \/>\n<link rel=\"canonical\" href=\"https:\/\/norrlandsoperan.se\/en\/offers-discounts\/\" \/>\n<meta property=\"og:locale\" content=\"en_US\" \/>\n<meta property=\"og:type\" content=\"article\" \/>\n<meta property=\"og:title\" content=\"Offers | Norrlandsoperan\" \/>\n<meta property=\"og:description\" content=\"Don&#039;t miss current offers and our appreciated subscriptions.\" \/>\n<meta property=\"og:url\" content=\"https:\/\/norrlandsoperan.se\/en\/offers-discounts\/\" \/>\n<meta property=\"og:site_name\" content=\"Norrlandsoperan\" \/>\n<meta property=\"article:modified_time\" content=\"2026-02-06T13:23:45+00:00\" \/>\n<meta property=\"og:image\" content=\"https:\/\/norrlandsoperan.se\/wp-content\/uploads\/2024\/04\/mg_mingel_latraviata_181006_4625-scaled-1.jpg\" \/>\n<meta name=\"twitter:card\" content=\"summary_large_image\" \/>\n<meta name=\"twitter:label1\" content=\"Est. reading time\" \/>\n\t<meta name=\"twitter:data1\" content=\"3 minutes\" \/>\n<script type=\"application\/ld+json\" class=\"yoast-schema-graph\">{\"@context\":\"https:\\\/\\\/schema.org\",\"@graph\":[{\"@type\":\"WebPage\",\"@id\":\"https:\\\/\\\/norrlandsoperan.se\\\/en\\\/offers-discounts\\\/\",\"url\":\"https:\\\/\\\/norrlandsoperan.se\\\/en\\\/offers-discounts\\\/\",\"name\":\"Offers | Norrlandsoperan\",\"isPartOf\":{\"@id\":\"https:\\\/\\\/norrlandsoperan.se\\\/en\\\/#website\"},\"primaryImageOfPage\":{\"@id\":\"https:\\\/\\\/norrlandsoperan.se\\\/en\\\/offers-discounts\\\/#primaryimage\"},\"image\":{\"@id\":\"https:\\\/\\\/norrlandsoperan.se\\\/en\\\/offers-discounts\\\/#primaryimage\"},\"thumbnailUrl\":\"https:\\\/\\\/norrlandsoperan.se\\\/wp-content\\\/uploads\\\/2024\\\/04\\\/mg_mingel_latraviata_181006_4625-scaled-1.jpg\",\"datePublished\":\"2024-03-27T10:35:41+00:00\",\"dateModified\":\"2026-02-06T13:23:45+00:00\",\"description\":\"Don't miss current offers and our appreciated subscriptions.\",\"breadcrumb\":{\"@id\":\"https:\\\/\\\/norrlandsoperan.se\\\/en\\\/offers-discounts\\\/#breadcrumb\"},\"inLanguage\":\"en-US\",\"potentialAction\":[{\"@type\":\"ReadAction\",\"target\":[\"https:\\\/\\\/norrlandsoperan.se\\\/en\\\/offers-discounts\\\/\"]}]},{\"@type\":\"ImageObject\",\"inLanguage\":\"en-US\",\"@id\":\"https:\\\/\\\/norrlandsoperan.se\\\/en\\\/offers-discounts\\\/#primaryimage\",\"url\":\"https:\\\/\\\/norrlandsoperan.se\\\/wp-content\\\/uploads\\\/2024\\\/04\\\/mg_mingel_latraviata_181006_4625-scaled-1.jpg\",\"contentUrl\":\"https:\\\/\\\/norrlandsoperan.se\\\/wp-content\\\/uploads\\\/2024\\\/04\\\/mg_mingel_latraviata_181006_4625-scaled-1.jpg\"},{\"@type\":\"BreadcrumbList\",\"@id\":\"https:\\\/\\\/norrlandsoperan.se\\\/en\\\/offers-discounts\\\/#breadcrumb\",\"itemListElement\":[{\"@type\":\"ListItem\",\"position\":1,\"name\":\"Home\",\"item\":\"https:\\\/\\\/norrlandsoperan.se\\\/en\\\/\"},{\"@type\":\"ListItem\",\"position\":2,\"name\":\"Offers\"}]},{\"@type\":\"WebSite\",\"@id\":\"https:\\\/\\\/norrlandsoperan.se\\\/en\\\/#website\",\"url\":\"https:\\\/\\\/norrlandsoperan.se\\\/en\\\/\",\"name\":\"Norrlandsoperan\",\"description\":\"\",\"potentialAction\":[{\"@type\":\"SearchAction\",\"target\":{\"@type\":\"EntryPoint\",\"urlTemplate\":\"https:\\\/\\\/norrlandsoperan.se\\\/en\\\/?s={search_term_string}\"},\"query-input\":{\"@type\":\"PropertyValueSpecification\",\"valueRequired\":true,\"valueName\":\"search_term_string\"}}],\"inLanguage\":\"en-US\"}]}<\/script>\n<!-- \/ Yoast SEO plugin. -->","yoast_head_json":{"title":"Offers | Norrlandsoperan","description":"Don't miss current offers and our appreciated subscriptions.","robots":{"index":"index","follow":"follow","max-snippet":"max-snippet:-1","max-image-preview":"max-image-preview:large","max-video-preview":"max-video-preview:-1"},"canonical":"https:\/\/norrlandsoperan.se\/en\/offers-discounts\/","og_locale":"en_US","og_type":"article","og_title":"Offers | Norrlandsoperan","og_description":"Don't miss current offers and our appreciated subscriptions.","og_url":"https:\/\/norrlandsoperan.se\/en\/offers-discounts\/","og_site_name":"Norrlandsoperan","article_modified_time":"2026-02-06T13:23:45+00:00","og_image":[{"url":"https:\/\/norrlandsoperan.se\/wp-content\/uploads\/2024\/04\/mg_mingel_latraviata_181006_4625-scaled-1.jpg","type":"","width":"","height":""}],"twitter_card":"summary_large_image","twitter_misc":{"Est. reading time":"3 minutes"},"schema":{"@context":"https:\/\/schema.org","@graph":[{"@type":"WebPage","@id":"https:\/\/norrlandsoperan.se\/en\/offers-discounts\/","url":"https:\/\/norrlandsoperan.se\/en\/offers-discounts\/","name":"Offers | Norrlandsoperan","isPartOf":{"@id":"https:\/\/norrlandsoperan.se\/en\/#website"},"primaryImageOfPage":{"@id":"https:\/\/norrlandsoperan.se\/en\/offers-discounts\/#primaryimage"},"image":{"@id":"https:\/\/norrlandsoperan.se\/en\/offers-discounts\/#primaryimage"},"thumbnailUrl":"https:\/\/norrlandsoperan.se\/wp-content\/uploads\/2024\/04\/mg_mingel_latraviata_181006_4625-scaled-1.jpg","datePublished":"2024-03-27T10:35:41+00:00","dateModified":"2026-02-06T13:23:45+00:00","description":"Don't miss current offers and our appreciated subscriptions.","breadcrumb":{"@id":"https:\/\/norrlandsoperan.se\/en\/offers-discounts\/#breadcrumb"},"inLanguage":"en-US","potentialAction":[{"@type":"ReadAction","target":["https:\/\/norrlandsoperan.se\/en\/offers-discounts\/"]}]},{"@type":"ImageObject","inLanguage":"en-US","@id":"https:\/\/norrlandsoperan.se\/en\/offers-discounts\/#primaryimage","url":"https:\/\/norrlandsoperan.se\/wp-content\/uploads\/2024\/04\/mg_mingel_latraviata_181006_4625-scaled-1.jpg","contentUrl":"https:\/\/norrlandsoperan.se\/wp-content\/uploads\/2024\/04\/mg_mingel_latraviata_181006_4625-scaled-1.jpg"},{"@type":"BreadcrumbList","@id":"https:\/\/norrlandsoperan.se\/en\/offers-discounts\/#breadcrumb","itemListElement":[{"@type":"ListItem","position":1,"name":"Home","item":"https:\/\/norrlandsoperan.se\/en\/"},{"@type":"ListItem","position":2,"name":"Offers"}]},{"@type":"WebSite","@id":"https:\/\/norrlandsoperan.se\/en\/#website","url":"https:\/\/norrlandsoperan.se\/en\/","name":"Norrlandsoperan","description":"","potentialAction":[{"@type":"SearchAction","target":{"@type":"EntryPoint","urlTemplate":"https:\/\/norrlandsoperan.se\/en\/?s={search_term_string}"},"query-input":{"@type":"PropertyValueSpecification","valueRequired":true,"valueName":"search_term_string"}}],"inLanguage":"en-US"}]}},"_links":{"self":[{"href":"https:\/\/norrlandsoperan.se\/en\/wp-json\/wp\/v2\/pages\/1015","targetHints":{"allow":["GET"]}}],"collection":[{"href":"https:\/\/norrlandsoperan.se\/en\/wp-json\/wp\/v2\/pages"}],"about":[{"href":"https:\/\/norrlandsoperan.se\/en\/wp-json\/wp\/v2\/types\/page"}],"author":[{"embeddable":true,"href":"https:\/\/norrlandsoperan.se\/en\/wp-json\/wp\/v2\/users\/1"}],"replies":[{"embeddable":true,"href":"https:\/\/norrlandsoperan.se\/en\/wp-json\/wp\/v2\/comments?post=1015"}],"version-history":[{"count":12,"href":"https:\/\/norrlandsoperan.se\/en\/wp-json\/wp\/v2\/pages\/1015\/revisions"}],"predecessor-version":[{"id":10390,"href":"https:\/\/norrlandsoperan.se\/en\/wp-json\/wp\/v2\/pages\/1015\/revisions\/10390"}],"wp:attachment":[{"href":"https:\/\/norrlandsoperan.se\/en\/wp-json\/wp\/v2\/media?parent=1015"}],"curies":[{"name":"wp","href":"https:\/\/api.w.org\/{rel}","templated":true}]}}