{"id":1016,"date":"2024-04-02T12:15:43","date_gmt":"2024-04-02T10:15:43","guid":{"rendered":"https:\/\/norrlandsoperan.se\/for-arrangoerer\/"},"modified":"2024-06-24T14:26:00","modified_gmt":"2024-06-24T12:26:00","slug":"for-organizers","status":"publish","type":"page","link":"https:\/\/norrlandsoperan.se\/en\/for-organizers\/","title":{"rendered":"For organizers"},"content":{"rendered":"\n<section class=\"wp-block-noor-blocks-section nb-section position-relative  py-64 py-md-80 pt-lg-96 pb-lg-112\">\n<div class=\"wp-block-noor-blocks-container nb-container container-fluid\">\n<div class=\"wp-block-noor-blocks-row nb-row row\">\n<div class=\"wp-block-noor-blocks-column col nb-column col-12 col-md-8 col-lg-5 col-xl-3 offset-md-2 offset-lg-1 offset-xl-2 order-2 order-lg-1\">\n<picture class=\"wp-block-noor-blocks-image nb-mask nb-image\"><img src=\"https:\/\/norrlandsoperan.se\/wp-content\/uploads\/2024\/04\/landskap.jpg\" alt=\"gr\u00f6na f\u00e4lt och tr\u00e4d\" loading=\"eager\" decoding=\"async\" srcset=\"https:\/\/norrlandsoperan.se\/wp-content\/uploads\/2024\/04\/landskap.jpg 456w, https:\/\/norrlandsoperan.se\/wp-content\/uploads\/2024\/04\/landskap-150x150.jpg 150w, https:\/\/norrlandsoperan.se\/wp-content\/uploads\/2024\/04\/landskap-251x300.jpg 251w\" class=\" object-fit-cover object-position-center\"\/><\/picture>\n<\/div>\n\n\n\n<div class=\"wp-block-noor-blocks-column col nb-column align-self-lg-center col-12 col-md-10 col-lg-5 col-xl-5 offset-md-2 offset-lg-0 offset-xl-1 order-1 order-lg-2\">\n<div class=\"wp-block-noor-blocks-group nb-group d-flex flex-column align-items-start justify-content-center  h-100\">\n<h1 class=\"wp-block-noor-blocks-heading nb-heading nb-cursor-default nb-heading-h1  hero2 content-animation text-break\">For organizers<\/h1>\n\n\n\n<p class=\"wp-block-noor-blocks-paragraph nb-paragraph mb-64 m-lg-0 pe-md-64 ps-md-96 pe-lg-64 ps-lg-96 no-top-line-small lead-text\">Offering music, opera, and dance for the entire V\u00e4sterbotten is a central part of Norrlandsoperan&#8217;s mission. We especially focus on ensuring children and youths get to experience and engage in culture \u2013 wherever they are in the region. Here is compiled information for you as an organizer in V\u00e4sterbotten.<\/p>\n<\/div>\n<\/div>\n<\/div>\n<\/div>\n<\/section>\n\n\n\n<section class=\"wp-block-noor-blocks-section nb-section position-relative  py-48 py-lg-64\">\n<div class=\"wp-block-noor-blocks-container nb-container container-fluid\">\n<div class=\"wp-block-noor-blocks-row nb-row row\">\n<div class=\"wp-block-noor-blocks-column col nb-column col-12 col-lg-6 offset-lg-1\">\n<div class=\"wp-block-noor-blocks-group nb-group  pe-80 ps-48\">\n<h3 class=\"wp-block-heading\">Organize a show<\/h3>\n\n\n\n<p>All productions are subsidized and coordinated by Norrlandsoperan. The production comes complete with staff and technology. We also offer marketing materials. The organizer is responsible for hosting and invitations.<\/p>\n\n\n\n<p>Our range always maintains high quality. The selection is made through experience, monitoring the field and in dialogue with organizers.<\/p>\n<\/div>\n\n\n\n<div style=\"height:24px\" aria-hidden=\"true\" class=\"wp-block-spacer\"><\/div>\n\n\n\n<div class=\"wp-block-noor-blocks-group nb-group  pe-80 ps-48\">\n<h3 class=\"wp-block-heading\">School performances<\/h3>\n\n\n\n<p>A large part of Norrlandsoperan&#8217;s activities are directed at children and youths in preschool, primary school and secondary school, as well as music and culture schools.<\/p>\n<\/div>\n\n\n\n<div style=\"height:24px\" aria-hidden=\"true\" class=\"wp-block-spacer\"><\/div>\n\n\n\n<div class=\"wp-block-noor-blocks-group nb-group  pe-80 ps-48\">\n<h3 class=\"wp-block-heading\">Order school performance<\/h3>\n\n\n\n<p>Here we present current music and dance performances offered for children and young people in V\u00e4sterbotten. If you work with culture for children &amp; youths in schools, you are welcome to order or contact us with questions.<\/p>\n<\/div>\n\n\n\n<div style=\"height:24px\" aria-hidden=\"true\" class=\"wp-block-spacer\"><\/div>\n\n\n\n<div class=\"wp-block-noor-blocks-group nb-group  pe-80 ps-48\"><\/div>\n<\/div>\n\n\n\n<div class=\"wp-block-noor-blocks-column col nb-column col-12 col-lg-4\">\n<div class=\"wp-block-noor-blocks-group nb-group  p-32 px-lg-48 py-lg-32 bg-beige-2 no-event-sidebar\">\n<h2 class=\"wp-block-noor-blocks-heading nb-heading nb-cursor-default nb-heading-h2 mb-24 mb-lg-40  text-center\">Contact<\/h2>\n\n\n\n<div class=\"wp-block-noor-blocks-group nb-group d-flex flex-column row-gap-24\">\n<div class=\"wp-block-noor-blocks-group nb-group  p-32 bg-white\">\n<p><strong>Music producer<\/strong><br>Markus Falck<br>Kontakta via e-post<br>070 343 43 82<\/p>\n\n\n\n<p><strong>Dance consultant i V\u00e4sterbotten<\/strong><br>Maria Sch\u00e4fer<br>Kontakta via e-post<br>070-399 24 55<\/p>\n\n\n\n<div class=\"wp-block-noor-blocks-group nb-group  mt-16 mt-md-32 mt-lg-0\">\n<a href=\"https:\/\/norrlandsoperan.se\/en\/norrlandsoperan-logo\/\" rel=\"noopener\" target=\"_self\" role=\"button\" class=\"wp-block-noor-blocks-button nb-btn nb-btn-custom bg-black px-24 py-12 px-lg-32 py-lg-16 text-white bg-hover-white text-hover-black\" style=\"border-radius:0px;border-width:2px;border-color:black\"><span class=\"nb-button-overlay\"><\/span><span class=\"nb-btn-text\">Download our logo<\/span><\/a>\n<\/div>\n<\/div>\n<\/div>\n<\/div>\n<\/div>\n<\/div>\n<\/div>\n<\/section>\n\n\n\n<section class=\"wp-block-noor-blocks-section nb-section position-relative  pt-64 pb-96 pt-md-80 pb-md-128 py-lg-176 has-overlay\"><span class=\"nb-background-overlay \"><\/span>\n<div class=\"wp-block-noor-blocks-container nb-container container-fluid\">\n<div class=\"wp-block-noor-blocks-row nb-row row\">\n<div class=\"wp-block-noor-blocks-column col nb-column col-md-10 offset-md-1\">\n<div class=\"wp-block-noor-blocks-row nb-row row\">\n<div class=\"wp-block-noor-blocks-column col nb-column align-self-lg-center col-12 col-lg-6  order-2 order-lg-1\">\n<picture class=\"wp-block-noor-blocks-image nb-mask nb-image false  mt-48 mt-lg-0\" style=\"width:-1px\"><img src=\"https:\/\/norrlandsoperan.se\/wp-content\/uploads\/2024\/04\/LisaMiskovsky.jpg\" alt=\"Portr\u00e4tt av Lisa Miskovsky p\u00e5 en klippa vid havet\" loading=\"eager\" decoding=\"async\" srcset=\"https:\/\/norrlandsoperan.se\/wp-content\/uploads\/2024\/04\/LisaMiskovsky.jpg 456w, https:\/\/norrlandsoperan.se\/wp-content\/uploads\/2024\/04\/LisaMiskovsky-150x150.jpg 150w, https:\/\/norrlandsoperan.se\/wp-content\/uploads\/2024\/04\/LisaMiskovsky-251x300.jpg 251w\" sizes=\"(max-width: -1px) 100vw, -1px\" class=\"false object-fit-cover object-position-center\"\/><\/picture>\n<\/div>\n\n\n\n<div class=\"wp-block-noor-blocks-column col nb-column col-12 col-lg-5 offset-lg-1 order-1 order-lg-2\">\n<div class=\"wp-block-noor-blocks-group nb-group d-flex flex-column align-items-start justify-content-center  h-100\">\n<h2 class=\"wp-block-noor-blocks-heading nb-heading nb-cursor-default nb-heading-h2 content-animation\">Organize a performance in your municipality<\/h2>\n\n\n\n<p>If you have an idea about creating a music event in your hometown, get in touch with us.<\/p>\n\n\n\n<p>If you are already an organizer of public performances in your municipality, you are of course also warmly welcome to contact us with questions.<\/p>\n\n\n\n<h5 class=\"wp-block-heading\">Contact<\/h5>\n\n\n\n<p>Music producer<br>Andreas Nilsson<br>Email: <a href=\"mailto:andreas.nilsson@norrlandsoperan.se\">andreas.nilsson@norrlandsoperan.se<\/a><br>0730-680905<\/p>\n<\/div>\n<\/div>\n<\/div>\n<\/div>\n<\/div>\n<\/div>\n<\/section>\n\n\n\n<section class=\"wp-block-noor-blocks-section nb-section position-relative  py-48 py-md-64 py-lg-80 bg-beige-1\">\n<div class=\"wp-block-noor-blocks-container nb-container container-fluid p-md-0\">\n<h2 class=\"wp-block-noor-blocks-heading nb-heading nb-cursor-default nb-heading-h2 mb-8 mb-md-8  text-center\">Marketing material<\/h2>\n\n\n\n<p class=\"wp-block-noor-blocks-paragraph nb-paragraph  px-32 pb-32 px-lg-144 pb-lg-40 text-center\">Here you can find materials to use when you as an organizer want to promote any of Norrlandsoperan&#8217;s productions.<\/p>\n\n\n\n<div class=\"wp-block-noor-blocks-slider nb-slider position-relative no-slider-arrow\"><div class=\"swiper slider-swiper position-static \" data-pagination-color=\"black\" data-pagination-type=\"bullets\" id=\"1ff87323-f9b6-4c5a-ae43-cf1a7c2a21e1\"><span class=\"swiper-data\" data-_=\"true\" data-slidesoffsetbefore-_=\"0\" data-slidesoffsetafter-_=\"0\" data-slidesperview-_=\"1\" data-spacebetween-_=\"40\" data-md=\"true\" data-slidesoffsetbefore-md=\"156\" data-slidesoffsetafter-md=\"20\" data-slidesperview-md=\"1.5\" data-spacebetween-md=\"40\" data-lg=\"true\" data-slidesoffsetbefore-lg=\"173\" data-slidesoffsetafter-lg=\"25\" data-slidesperview-lg=\"4\" data-spacebetween-lg=\"50\" data-freemode-lg=\"false\" data-xl=\"true\" data-slidesoffsetbefore-xl=\"173\" data-slidesoffsetafter-xl=\"50\" data-loop-xl=\"false\" data-slidesperview-xl=\"3.6\" data-spacebetween-xl=\"100\" data-freemode-xl=\"false\"><\/span><div class=\"swiper-wrapper align-items-start \">\n<div class=\"wp-block-noor-blocks-slider-child swiper-slide\"><div class=\"nb-responsive-height overflow-hidden\" style=\"\">\n<div class=\"wp-block-noor-blocks-group nb-group\">\n<picture class=\"wp-block-noor-blocks-image nb-mask nb-image\" style=\"height:100%;max-height:236px\"><img src=\"https:\/\/norrlandsoperan.se\/wp-content\/uploads\/2024\/04\/ericBibb.png\" alt=\"\" loading=\"eager\" decoding=\"async\" srcset=\"https:\/\/norrlandsoperan.se\/wp-content\/uploads\/2024\/04\/ericBibb.png 876w, https:\/\/norrlandsoperan.se\/wp-content\/uploads\/2024\/04\/ericBibb-150x150.png 150w, https:\/\/norrlandsoperan.se\/wp-content\/uploads\/2024\/04\/ericBibb-300x211.png 300w\" class=\" object-fit-cover object-position-center\"\/><\/picture>\n\n\n\n<h3 class=\"wp-block-noor-blocks-heading nb-heading nb-cursor-default nb-heading-h3 mt-24 mb-8  h4\">Eric Bibb<\/h3>\n\n\n\n<p class=\"wp-block-noor-blocks-paragraph nb-paragraph m-0 pb-16\">Eric Bibb is one of the biggest names in the international blues world today, constantly touring the globe. Now he is finally coming back to V\u00e4sterbotten!<\/p>\n\n\n\n<a href=\"https:\/\/share.mediaflow.com\/se\/?96KEM1HDYC\" rel=\"noopener\" target=\"_blank\" role=\"button\" class=\"wp-block-noor-blocks-button nb-btn nb-btn-custom bg-black px-24 py-12 px-lg-32 py-lg-16 text-white bg-hover-white text-hover-black\" style=\"border-radius:0px;border-width:2px;border-color:black\"><span class=\"nb-button-overlay\"><\/span><span class=\"nb-btn-text\">Material<\/span><\/a>\n<\/div>\n<\/div><\/div>\n<\/div><div class=\"swiper-module-wrapper d-flex  \"><div class=\"swiper-navigation swiper-button-prev  swiper-button-prev-1ff87323-f9b6-4c5a-ae43-cf1a7c2a21e1\"><span class=\"nb-icon has-black-color\"><span class=\"nb-responsive-font-size icon-size icon-no-arrow-right\" style=\"--font-size:0px;--font-size-lg:50px\"><\/span><\/span><\/div><div style=\"--width:8px; --height:8px;\" class=\"swiper-pagination position-relative d-flex flex-row align-items-center bottom-0 justify-content-center align-items-center mt-48 mt-md-24 mt-lg-48 mt-xl-48 gap-16 pagination-round swiper-pagination-1ff87323-f9b6-4c5a-ae43-cf1a7c2a21e1\"><\/div><div class=\"swiper-navigation swiper-button-next  swiper-button-next-1ff87323-f9b6-4c5a-ae43-cf1a7c2a21e1\"><span class=\"nb-icon has-black-color\"><span class=\"nb-responsive-font-size icon-size icon-no-arrow-right\" style=\"--font-size:0px;--font-size-lg:50px\"><\/span><\/span><\/div><\/div><\/div><\/div>\n<\/div>\n<\/section>\n","protected":false},"excerpt":{"rendered":"","protected":false},"author":1,"featured_media":0,"parent":0,"menu_order":0,"comment_status":"closed","ping_status":"closed","template":"","meta":{"footnotes":""},"class_list":["post-1016","page","type-page","status-publish","hentry"],"yoast_head":"<!-- This site is optimized with the Yoast SEO plugin v27.3 - https:\/\/yoast.com\/product\/yoast-seo-wordpress\/ -->\n<title>For organizers | Norrlandsoperan<\/title>\n<meta name=\"description\" content=\"Offering music, opera and dance for all of V\u00e4sterbotten is central to our mission. Here is compiled information for you as an organizer in V\u00e4sterbotten.\" \/>\n<meta name=\"robots\" content=\"index, follow, max-snippet:-1, max-image-preview:large, max-video-preview:-1\" \/>\n<link rel=\"canonical\" href=\"https:\/\/norrlandsoperan.se\/en\/for-organizers\/\" \/>\n<meta property=\"og:locale\" content=\"en_US\" \/>\n<meta property=\"og:type\" content=\"article\" \/>\n<meta property=\"og:title\" content=\"For organizers | Norrlandsoperan\" \/>\n<meta property=\"og:description\" content=\"Offering music, opera and dance for all of V\u00e4sterbotten is central to our mission. Here is compiled information for you as an organizer in V\u00e4sterbotten.\" \/>\n<meta property=\"og:url\" content=\"https:\/\/norrlandsoperan.se\/en\/for-organizers\/\" \/>\n<meta property=\"og:site_name\" content=\"Norrlandsoperan\" \/>\n<meta property=\"article:modified_time\" content=\"2024-06-24T12:26:00+00:00\" \/>\n<meta property=\"og:image\" content=\"https:\/\/norrlandsoperan.se\/wp-content\/uploads\/2024\/04\/landskap.jpg\" \/>\n<meta name=\"twitter:card\" content=\"summary_large_image\" \/>\n<meta name=\"twitter:label1\" content=\"Est. reading time\" \/>\n\t<meta name=\"twitter:data1\" content=\"2 minutes\" \/>\n<script type=\"application\/ld+json\" class=\"yoast-schema-graph\">{\"@context\":\"https:\\\/\\\/schema.org\",\"@graph\":[{\"@type\":\"WebPage\",\"@id\":\"https:\\\/\\\/norrlandsoperan.se\\\/en\\\/for-organizers\\\/\",\"url\":\"https:\\\/\\\/norrlandsoperan.se\\\/en\\\/for-organizers\\\/\",\"name\":\"For organizers | Norrlandsoperan\",\"isPartOf\":{\"@id\":\"https:\\\/\\\/norrlandsoperan.se\\\/en\\\/#website\"},\"primaryImageOfPage\":{\"@id\":\"https:\\\/\\\/norrlandsoperan.se\\\/en\\\/for-organizers\\\/#primaryimage\"},\"image\":{\"@id\":\"https:\\\/\\\/norrlandsoperan.se\\\/en\\\/for-organizers\\\/#primaryimage\"},\"thumbnailUrl\":\"https:\\\/\\\/norrlandsoperan.se\\\/wp-content\\\/uploads\\\/2024\\\/04\\\/landskap.jpg\",\"datePublished\":\"2024-04-02T10:15:43+00:00\",\"dateModified\":\"2024-06-24T12:26:00+00:00\",\"description\":\"Offering music, opera and dance for all of V\u00e4sterbotten is central to our mission. Here is compiled information for you as an organizer in V\u00e4sterbotten.\",\"breadcrumb\":{\"@id\":\"https:\\\/\\\/norrlandsoperan.se\\\/en\\\/for-organizers\\\/#breadcrumb\"},\"inLanguage\":\"en-US\",\"potentialAction\":[{\"@type\":\"ReadAction\",\"target\":[\"https:\\\/\\\/norrlandsoperan.se\\\/en\\\/for-organizers\\\/\"]}]},{\"@type\":\"ImageObject\",\"inLanguage\":\"en-US\",\"@id\":\"https:\\\/\\\/norrlandsoperan.se\\\/en\\\/for-organizers\\\/#primaryimage\",\"url\":\"https:\\\/\\\/norrlandsoperan.se\\\/wp-content\\\/uploads\\\/2024\\\/04\\\/landskap.jpg\",\"contentUrl\":\"https:\\\/\\\/norrlandsoperan.se\\\/wp-content\\\/uploads\\\/2024\\\/04\\\/landskap.jpg\"},{\"@type\":\"BreadcrumbList\",\"@id\":\"https:\\\/\\\/norrlandsoperan.se\\\/en\\\/for-organizers\\\/#breadcrumb\",\"itemListElement\":[{\"@type\":\"ListItem\",\"position\":1,\"name\":\"Home\",\"item\":\"https:\\\/\\\/norrlandsoperan.se\\\/en\\\/\"},{\"@type\":\"ListItem\",\"position\":2,\"name\":\"For organizers\"}]},{\"@type\":\"WebSite\",\"@id\":\"https:\\\/\\\/norrlandsoperan.se\\\/en\\\/#website\",\"url\":\"https:\\\/\\\/norrlandsoperan.se\\\/en\\\/\",\"name\":\"Norrlandsoperan\",\"description\":\"\",\"potentialAction\":[{\"@type\":\"SearchAction\",\"target\":{\"@type\":\"EntryPoint\",\"urlTemplate\":\"https:\\\/\\\/norrlandsoperan.se\\\/en\\\/?s={search_term_string}\"},\"query-input\":{\"@type\":\"PropertyValueSpecification\",\"valueRequired\":true,\"valueName\":\"search_term_string\"}}],\"inLanguage\":\"en-US\"}]}<\/script>\n<!-- \/ Yoast SEO plugin. -->","yoast_head_json":{"title":"For organizers | Norrlandsoperan","description":"Offering music, opera and dance for all of V\u00e4sterbotten is central to our mission. Here is compiled information for you as an organizer in V\u00e4sterbotten.","robots":{"index":"index","follow":"follow","max-snippet":"max-snippet:-1","max-image-preview":"max-image-preview:large","max-video-preview":"max-video-preview:-1"},"canonical":"https:\/\/norrlandsoperan.se\/en\/for-organizers\/","og_locale":"en_US","og_type":"article","og_title":"For organizers | Norrlandsoperan","og_description":"Offering music, opera and dance for all of V\u00e4sterbotten is central to our mission. Here is compiled information for you as an organizer in V\u00e4sterbotten.","og_url":"https:\/\/norrlandsoperan.se\/en\/for-organizers\/","og_site_name":"Norrlandsoperan","article_modified_time":"2024-06-24T12:26:00+00:00","og_image":[{"url":"https:\/\/norrlandsoperan.se\/wp-content\/uploads\/2024\/04\/landskap.jpg","type":"","width":"","height":""}],"twitter_card":"summary_large_image","twitter_misc":{"Est. reading time":"2 minutes"},"schema":{"@context":"https:\/\/schema.org","@graph":[{"@type":"WebPage","@id":"https:\/\/norrlandsoperan.se\/en\/for-organizers\/","url":"https:\/\/norrlandsoperan.se\/en\/for-organizers\/","name":"For organizers | Norrlandsoperan","isPartOf":{"@id":"https:\/\/norrlandsoperan.se\/en\/#website"},"primaryImageOfPage":{"@id":"https:\/\/norrlandsoperan.se\/en\/for-organizers\/#primaryimage"},"image":{"@id":"https:\/\/norrlandsoperan.se\/en\/for-organizers\/#primaryimage"},"thumbnailUrl":"https:\/\/norrlandsoperan.se\/wp-content\/uploads\/2024\/04\/landskap.jpg","datePublished":"2024-04-02T10:15:43+00:00","dateModified":"2024-06-24T12:26:00+00:00","description":"Offering music, opera and dance for all of V\u00e4sterbotten is central to our mission. Here is compiled information for you as an organizer in V\u00e4sterbotten.","breadcrumb":{"@id":"https:\/\/norrlandsoperan.se\/en\/for-organizers\/#breadcrumb"},"inLanguage":"en-US","potentialAction":[{"@type":"ReadAction","target":["https:\/\/norrlandsoperan.se\/en\/for-organizers\/"]}]},{"@type":"ImageObject","inLanguage":"en-US","@id":"https:\/\/norrlandsoperan.se\/en\/for-organizers\/#primaryimage","url":"https:\/\/norrlandsoperan.se\/wp-content\/uploads\/2024\/04\/landskap.jpg","contentUrl":"https:\/\/norrlandsoperan.se\/wp-content\/uploads\/2024\/04\/landskap.jpg"},{"@type":"BreadcrumbList","@id":"https:\/\/norrlandsoperan.se\/en\/for-organizers\/#breadcrumb","itemListElement":[{"@type":"ListItem","position":1,"name":"Home","item":"https:\/\/norrlandsoperan.se\/en\/"},{"@type":"ListItem","position":2,"name":"For organizers"}]},{"@type":"WebSite","@id":"https:\/\/norrlandsoperan.se\/en\/#website","url":"https:\/\/norrlandsoperan.se\/en\/","name":"Norrlandsoperan","description":"","potentialAction":[{"@type":"SearchAction","target":{"@type":"EntryPoint","urlTemplate":"https:\/\/norrlandsoperan.se\/en\/?s={search_term_string}"},"query-input":{"@type":"PropertyValueSpecification","valueRequired":true,"valueName":"search_term_string"}}],"inLanguage":"en-US"}]}},"_links":{"self":[{"href":"https:\/\/norrlandsoperan.se\/en\/wp-json\/wp\/v2\/pages\/1016","targetHints":{"allow":["GET"]}}],"collection":[{"href":"https:\/\/norrlandsoperan.se\/en\/wp-json\/wp\/v2\/pages"}],"about":[{"href":"https:\/\/norrlandsoperan.se\/en\/wp-json\/wp\/v2\/types\/page"}],"author":[{"embeddable":true,"href":"https:\/\/norrlandsoperan.se\/en\/wp-json\/wp\/v2\/users\/1"}],"replies":[{"embeddable":true,"href":"https:\/\/norrlandsoperan.se\/en\/wp-json\/wp\/v2\/comments?post=1016"}],"version-history":[{"count":28,"href":"https:\/\/norrlandsoperan.se\/en\/wp-json\/wp\/v2\/pages\/1016\/revisions"}],"predecessor-version":[{"id":5523,"href":"https:\/\/norrlandsoperan.se\/en\/wp-json\/wp\/v2\/pages\/1016\/revisions\/5523"}],"wp:attachment":[{"href":"https:\/\/norrlandsoperan.se\/en\/wp-json\/wp\/v2\/media?parent=1016"}],"curies":[{"name":"wp","href":"https:\/\/api.w.org\/{rel}","templated":true}]}}