{"id":2416,"date":"2024-04-02T12:33:06","date_gmt":"2024-04-02T10:33:06","guid":{"rendered":"https:\/\/norrlandsoperan.se\/dans-i-vasterbotten\/dans-for-professionella\/"},"modified":"2024-06-18T10:48:54","modified_gmt":"2024-06-18T08:48:54","slug":"dance-for-professionals","status":"publish","type":"page","link":"https:\/\/norrlandsoperan.se\/en\/dans-i-vasterbotten\/dance-for-professionals\/","title":{"rendered":"Dance for professionals"},"content":{"rendered":"\n<section class=\"wp-block-noor-blocks-section nb-section position-relative  py-64 py-md-80 pt-lg-96 pb-lg-112\">\n<div class=\"wp-block-noor-blocks-container nb-container container-fluid\">\n<div class=\"wp-block-noor-blocks-row nb-row row\">\n<div class=\"wp-block-noor-blocks-column col nb-column col-12 col-md-8 col-lg-5 col-xl-3 offset-md-2 offset-lg-1 offset-xl-2 order-2 order-lg-1\">\n<picture class=\"wp-block-noor-blocks-image nb-mask nb-image\"><img src=\"https:\/\/norrlandsoperan.se\/wp-content\/uploads\/2024\/04\/the-listeners_web-e1574157809444.png\" alt=\"tv\u00e5 personer som dansar\" loading=\"eager\" decoding=\"async\" srcset=\"https:\/\/norrlandsoperan.se\/wp-content\/uploads\/2024\/04\/the-listeners_web-e1574157809444.png 468w, https:\/\/norrlandsoperan.se\/wp-content\/uploads\/2024\/04\/the-listeners_web-e1574157809444-150x150.png 150w, https:\/\/norrlandsoperan.se\/wp-content\/uploads\/2024\/04\/the-listeners_web-e1574157809444-247x300.png 247w\" class=\" object-fit-cover object-position-center\"\/><\/picture>\n<\/div>\n\n\n\n<div class=\"wp-block-noor-blocks-column col nb-column align-self-lg-center col-12 col-md-10 col-lg-5 col-xl-5 offset-md-2 offset-lg-0 offset-xl-1 order-1 order-lg-2\">\n<div class=\"wp-block-noor-blocks-group nb-group d-flex flex-column align-items-start justify-content-center  h-100\">\n<h1 class=\"wp-block-noor-blocks-heading nb-heading nb-cursor-default nb-heading-h1  hero2 content-animation text-break\">Free dance life<\/h1>\n\n\n\n<p class=\"wp-block-noor-blocks-paragraph nb-paragraph mb-64 m-lg-0 pe-md-64 ps-md-96 pe-lg-64 ps-lg-96 no-top-line-small lead-text\">Dans i V\u00e4sterbotten works to ensure that the county&#8217;s professional dancers, educators, and choreographers are given the opportunity to work within the county. The dance consultant activity aims to anchor professional dance in the county, work on strengthening the free dance life and the conditions for production.<\/p>\n<\/div>\n<\/div>\n<\/div>\n<\/div>\n<\/section>\n\n\n\n<section class=\"wp-block-noor-blocks-section nb-section position-relative  py-40 pt-md-48 pb-md-64 py-lg-80 bg-beige-2\">\n<div class=\"wp-block-noor-blocks-container nb-container container-fluid\">\n<div class=\"wp-block-noor-blocks-row nb-row row\">\n<div class=\"wp-block-noor-blocks-column col nb-column col-12 col-lg-4 offset-lg-2\">\n<h2 class=\"wp-block-noor-blocks-heading nb-heading nb-cursor-default nb-heading-h2  text-black content-animation no-bottom-line\">Project support<\/h2>\n<\/div>\n\n\n\n<div class=\"wp-block-noor-blocks-column col nb-column col-12 col-lg-4\">\n<p class=\"has-black-color has-text-color has-link-color wp-elements-edce87e4217f024cd9481378ffa8e4bd\">Through grants from the V\u00e4sterbotten Region, there is an opportunity for the county&#8217;s dance artists to apply for <strong><a href=\"https:\/\/norrlandsoperan.se\/en\/dans-i-vasterbotten\/project-support\/\">project support<\/a> <\/strong>for production and\/or project development. A general purpose of the project support is to contribute to increased development, accessibility, and participation in dance for the county&#8217;s residents and practitioners.<\/p>\n<\/div>\n<\/div>\n<\/div>\n<\/section>\n\n\n\n<section class=\"wp-block-noor-blocks-section nb-section position-relative  py-48 py-lg-64\">\n<div class=\"wp-block-noor-blocks-container nb-container container-fluid\">\n<div class=\"wp-block-noor-blocks-row nb-row row\">\n<div class=\"wp-block-noor-blocks-column col nb-column col-12 col-lg-6 offset-lg-1\">\n<div class=\"wp-block-noor-blocks-group nb-group  pe-80 ps-48\">\n<h2 class=\"wp-block-noor-blocks-heading nb-heading nb-cursor-default nb-heading-h2 my-24 my-md-32 my-lg-48  no-bottom-line content-animation\">Continued education for professionals<\/h2>\n\n\n\n<p>Continuing education for professionals in the field of dance is organized every year. The form and content are often developed in consultation with professionals through Danscentrum Norr and additional direct contact with those not affiliated. The goal for Dans i V\u00e4sterbotten&#8217;s efforts is for professionals to be stimulated for further development within their respective areas of knowledge.<\/p>\n\n\n\n<p>Continuing education is organized annually in cooperation with the dance consultants in the northern counties to enable meetings between professionals in the north. Stay updated on upcoming continuing education and workshops via the calendar here on the website.<\/p>\n\n\n\n<p class=\"wp-block-noor-blocks-paragraph nb-paragraph\"><\/p>\n<\/div>\n\n\n\n<div class=\"wp-block-noor-blocks-group nb-group  pe-80 ps-48\">\n<h2 class=\"wp-block-noor-blocks-heading nb-heading nb-cursor-default nb-heading-h2 my-24 my-md-32 my-lg-48  no-bottom-line content-animation\">Residencies in V\u00e4sterbotten<\/h2>\n\n\n\n<p class=\"wp-block-noor-blocks-paragraph nb-paragraph\">Being in residency means that the choreographer and dancers come and work for all or part of the work at a selected location that is not their home. The goal is for a learning and fruitful exchange to occur between both parties. Dans i V\u00e4sterbotten has the opportunity to offer residencies annually in cooperation with other organizations. Contact Dans i V\u00e4sterbotten if you are interested in obtaining a residency in V\u00e4sterbotten.<\/p>\n<\/div>\n\n\n\n<div class=\"wp-block-noor-blocks-group nb-group  pe-80 ps-48\">\n<h2 class=\"wp-block-noor-blocks-heading nb-heading nb-cursor-default nb-heading-h2 my-24 my-md-32 my-lg-48  no-bottom-line content-animation\">Do you want to tour in V\u00e4sterbotten?<\/h2>\n\n\n\n<p>If you, as a free group, are interested in touring for a young audience and joining Dans i V\u00e4sterbotten&#8217;s tour offerings, please send information about your performance to the dance consultant. The performances included in Dans i V\u00e4sterbotten&#8217;s tour offerings are developed in consultation with a reference group consisting of the dance consultant and cultural coordinators from the county.<\/p>\n\n\n\n<p>Organizers can seek organizer support from Dans i V\u00e4sterbotten to show dance performances for a public audience and for schools. It is not possible to apply for organizer support for performances that are already included in Dans i V\u00e4sterbotten&#8217;s tour offerings for children and young people as they are already subsidized.<\/p>\n<\/div>\n<\/div>\n\n\n\n<div class=\"wp-block-noor-blocks-column col nb-column col-12 col-lg-4\">\n<div class=\"wp-block-noor-blocks-group nb-group  p-32 px-lg-48 py-lg-32 bg-beige-2 no-event-sidebar\">\n<h2 class=\"wp-block-noor-blocks-heading nb-heading nb-cursor-default nb-heading-h2 mb-24 mb-lg-40  text-center\">Contact<\/h2>\n\n\n\n<div class=\"wp-block-noor-blocks-group nb-group d-flex flex-column row-gap-24\">\n<div class=\"wp-block-noor-blocks-group nb-group  p-32 bg-white\">\n<p class=\"has-black-color has-text-color has-link-color wp-elements-373445f6c957c8d6eead254f05825656\"><strong>Dance consultant <br><a href=\"mailto:maria.schafer@norrlandsoperan.se\">Maria Sch\u00e4fer<\/a><\/strong><\/p>\n\n\n\n<p>+46 70-399 24 55<\/p>\n\n\n\n<p><strong>Mailing address:<\/strong><br>Dans i V\u00e4sterbotten<br>Norrlandsoperan AB<br>Box 360<br>901 08 Ume\u00e5<\/p>\n<\/div>\n<\/div>\n<\/div>\n<\/div>\n<\/div>\n<\/div>\n<\/section>\n","protected":false},"excerpt":{"rendered":"","protected":false},"author":1,"featured_media":0,"parent":1017,"menu_order":6,"comment_status":"closed","ping_status":"closed","template":"","meta":{"footnotes":""},"class_list":["post-2416","page","type-page","status-publish","hentry"],"yoast_head":"<!-- This site is optimized with the Yoast SEO plugin v27.3 - https:\/\/yoast.com\/product\/yoast-seo-wordpress\/ -->\n<title>Free dance life | Norrlandsoperan<\/title>\n<meta name=\"description\" content=\"Dans i V\u00e4sterbotten ensures that the county&#039;s professional dancers, educators, and choreographers are given the chance to work in the county.\" \/>\n<meta name=\"robots\" content=\"index, follow, max-snippet:-1, max-image-preview:large, max-video-preview:-1\" \/>\n<link rel=\"canonical\" href=\"https:\/\/norrlandsoperan.se\/en\/dans-i-vasterbotten\/dance-for-professionals\/\" \/>\n<meta property=\"og:locale\" content=\"en_US\" \/>\n<meta property=\"og:type\" content=\"article\" \/>\n<meta property=\"og:title\" content=\"Free dance life | Norrlandsoperan\" \/>\n<meta property=\"og:description\" content=\"Dans i V\u00e4sterbotten ensures that the county&#039;s professional dancers, educators, and choreographers are given the chance to work in the county.\" \/>\n<meta property=\"og:url\" content=\"https:\/\/norrlandsoperan.se\/en\/dans-i-vasterbotten\/dance-for-professionals\/\" \/>\n<meta property=\"og:site_name\" content=\"Norrlandsoperan\" \/>\n<meta property=\"article:modified_time\" content=\"2024-06-18T08:48:54+00:00\" \/>\n<meta property=\"og:image\" content=\"https:\/\/norrlandsoperan.se\/wp-content\/uploads\/2024\/04\/the-listeners_web-e1574157809444.png\" \/>\n<meta name=\"twitter:card\" content=\"summary_large_image\" \/>\n<meta name=\"twitter:label1\" content=\"Est. reading time\" \/>\n\t<meta name=\"twitter:data1\" content=\"3 minutes\" \/>\n<script type=\"application\/ld+json\" class=\"yoast-schema-graph\">{\"@context\":\"https:\\\/\\\/schema.org\",\"@graph\":[{\"@type\":\"WebPage\",\"@id\":\"https:\\\/\\\/norrlandsoperan.se\\\/en\\\/dans-i-vasterbotten\\\/dance-for-professionals\\\/\",\"url\":\"https:\\\/\\\/norrlandsoperan.se\\\/en\\\/dans-i-vasterbotten\\\/dance-for-professionals\\\/\",\"name\":\"Free dance life | Norrlandsoperan\",\"isPartOf\":{\"@id\":\"https:\\\/\\\/norrlandsoperan.se\\\/en\\\/#website\"},\"primaryImageOfPage\":{\"@id\":\"https:\\\/\\\/norrlandsoperan.se\\\/en\\\/dans-i-vasterbotten\\\/dance-for-professionals\\\/#primaryimage\"},\"image\":{\"@id\":\"https:\\\/\\\/norrlandsoperan.se\\\/en\\\/dans-i-vasterbotten\\\/dance-for-professionals\\\/#primaryimage\"},\"thumbnailUrl\":\"https:\\\/\\\/norrlandsoperan.se\\\/wp-content\\\/uploads\\\/2024\\\/04\\\/the-listeners_web-e1574157809444.png\",\"datePublished\":\"2024-04-02T10:33:06+00:00\",\"dateModified\":\"2024-06-18T08:48:54+00:00\",\"description\":\"Dans i V\u00e4sterbotten ensures that the county's professional dancers, educators, and choreographers are given the chance to work in the county.\",\"breadcrumb\":{\"@id\":\"https:\\\/\\\/norrlandsoperan.se\\\/en\\\/dans-i-vasterbotten\\\/dance-for-professionals\\\/#breadcrumb\"},\"inLanguage\":\"en-US\",\"potentialAction\":[{\"@type\":\"ReadAction\",\"target\":[\"https:\\\/\\\/norrlandsoperan.se\\\/en\\\/dans-i-vasterbotten\\\/dance-for-professionals\\\/\"]}]},{\"@type\":\"ImageObject\",\"inLanguage\":\"en-US\",\"@id\":\"https:\\\/\\\/norrlandsoperan.se\\\/en\\\/dans-i-vasterbotten\\\/dance-for-professionals\\\/#primaryimage\",\"url\":\"https:\\\/\\\/norrlandsoperan.se\\\/wp-content\\\/uploads\\\/2024\\\/04\\\/the-listeners_web-e1574157809444.png\",\"contentUrl\":\"https:\\\/\\\/norrlandsoperan.se\\\/wp-content\\\/uploads\\\/2024\\\/04\\\/the-listeners_web-e1574157809444.png\"},{\"@type\":\"BreadcrumbList\",\"@id\":\"https:\\\/\\\/norrlandsoperan.se\\\/en\\\/dans-i-vasterbotten\\\/dance-for-professionals\\\/#breadcrumb\",\"itemListElement\":[{\"@type\":\"ListItem\",\"position\":1,\"name\":\"Home\",\"item\":\"https:\\\/\\\/norrlandsoperan.se\\\/en\\\/\"},{\"@type\":\"ListItem\",\"position\":2,\"name\":\"Dans i V\u00e4sterbotten\",\"item\":\"https:\\\/\\\/norrlandsoperan.se\\\/en\\\/dans-i-vasterbotten\\\/\"},{\"@type\":\"ListItem\",\"position\":3,\"name\":\"Dance for professionals\"}]},{\"@type\":\"WebSite\",\"@id\":\"https:\\\/\\\/norrlandsoperan.se\\\/en\\\/#website\",\"url\":\"https:\\\/\\\/norrlandsoperan.se\\\/en\\\/\",\"name\":\"Norrlandsoperan\",\"description\":\"\",\"potentialAction\":[{\"@type\":\"SearchAction\",\"target\":{\"@type\":\"EntryPoint\",\"urlTemplate\":\"https:\\\/\\\/norrlandsoperan.se\\\/en\\\/?s={search_term_string}\"},\"query-input\":{\"@type\":\"PropertyValueSpecification\",\"valueRequired\":true,\"valueName\":\"search_term_string\"}}],\"inLanguage\":\"en-US\"}]}<\/script>\n<!-- \/ Yoast SEO plugin. -->","yoast_head_json":{"title":"Free dance life | Norrlandsoperan","description":"Dans i V\u00e4sterbotten ensures that the county's professional dancers, educators, and choreographers are given the chance to work in the county.","robots":{"index":"index","follow":"follow","max-snippet":"max-snippet:-1","max-image-preview":"max-image-preview:large","max-video-preview":"max-video-preview:-1"},"canonical":"https:\/\/norrlandsoperan.se\/en\/dans-i-vasterbotten\/dance-for-professionals\/","og_locale":"en_US","og_type":"article","og_title":"Free dance life | Norrlandsoperan","og_description":"Dans i V\u00e4sterbotten ensures that the county's professional dancers, educators, and choreographers are given the chance to work in the county.","og_url":"https:\/\/norrlandsoperan.se\/en\/dans-i-vasterbotten\/dance-for-professionals\/","og_site_name":"Norrlandsoperan","article_modified_time":"2024-06-18T08:48:54+00:00","og_image":[{"url":"https:\/\/norrlandsoperan.se\/wp-content\/uploads\/2024\/04\/the-listeners_web-e1574157809444.png","type":"","width":"","height":""}],"twitter_card":"summary_large_image","twitter_misc":{"Est. reading time":"3 minutes"},"schema":{"@context":"https:\/\/schema.org","@graph":[{"@type":"WebPage","@id":"https:\/\/norrlandsoperan.se\/en\/dans-i-vasterbotten\/dance-for-professionals\/","url":"https:\/\/norrlandsoperan.se\/en\/dans-i-vasterbotten\/dance-for-professionals\/","name":"Free dance life | Norrlandsoperan","isPartOf":{"@id":"https:\/\/norrlandsoperan.se\/en\/#website"},"primaryImageOfPage":{"@id":"https:\/\/norrlandsoperan.se\/en\/dans-i-vasterbotten\/dance-for-professionals\/#primaryimage"},"image":{"@id":"https:\/\/norrlandsoperan.se\/en\/dans-i-vasterbotten\/dance-for-professionals\/#primaryimage"},"thumbnailUrl":"https:\/\/norrlandsoperan.se\/wp-content\/uploads\/2024\/04\/the-listeners_web-e1574157809444.png","datePublished":"2024-04-02T10:33:06+00:00","dateModified":"2024-06-18T08:48:54+00:00","description":"Dans i V\u00e4sterbotten ensures that the county's professional dancers, educators, and choreographers are given the chance to work in the county.","breadcrumb":{"@id":"https:\/\/norrlandsoperan.se\/en\/dans-i-vasterbotten\/dance-for-professionals\/#breadcrumb"},"inLanguage":"en-US","potentialAction":[{"@type":"ReadAction","target":["https:\/\/norrlandsoperan.se\/en\/dans-i-vasterbotten\/dance-for-professionals\/"]}]},{"@type":"ImageObject","inLanguage":"en-US","@id":"https:\/\/norrlandsoperan.se\/en\/dans-i-vasterbotten\/dance-for-professionals\/#primaryimage","url":"https:\/\/norrlandsoperan.se\/wp-content\/uploads\/2024\/04\/the-listeners_web-e1574157809444.png","contentUrl":"https:\/\/norrlandsoperan.se\/wp-content\/uploads\/2024\/04\/the-listeners_web-e1574157809444.png"},{"@type":"BreadcrumbList","@id":"https:\/\/norrlandsoperan.se\/en\/dans-i-vasterbotten\/dance-for-professionals\/#breadcrumb","itemListElement":[{"@type":"ListItem","position":1,"name":"Home","item":"https:\/\/norrlandsoperan.se\/en\/"},{"@type":"ListItem","position":2,"name":"Dans i V\u00e4sterbotten","item":"https:\/\/norrlandsoperan.se\/en\/dans-i-vasterbotten\/"},{"@type":"ListItem","position":3,"name":"Dance for professionals"}]},{"@type":"WebSite","@id":"https:\/\/norrlandsoperan.se\/en\/#website","url":"https:\/\/norrlandsoperan.se\/en\/","name":"Norrlandsoperan","description":"","potentialAction":[{"@type":"SearchAction","target":{"@type":"EntryPoint","urlTemplate":"https:\/\/norrlandsoperan.se\/en\/?s={search_term_string}"},"query-input":{"@type":"PropertyValueSpecification","valueRequired":true,"valueName":"search_term_string"}}],"inLanguage":"en-US"}]}},"_links":{"self":[{"href":"https:\/\/norrlandsoperan.se\/en\/wp-json\/wp\/v2\/pages\/2416","targetHints":{"allow":["GET"]}}],"collection":[{"href":"https:\/\/norrlandsoperan.se\/en\/wp-json\/wp\/v2\/pages"}],"about":[{"href":"https:\/\/norrlandsoperan.se\/en\/wp-json\/wp\/v2\/types\/page"}],"author":[{"embeddable":true,"href":"https:\/\/norrlandsoperan.se\/en\/wp-json\/wp\/v2\/users\/1"}],"replies":[{"embeddable":true,"href":"https:\/\/norrlandsoperan.se\/en\/wp-json\/wp\/v2\/comments?post=2416"}],"version-history":[{"count":6,"href":"https:\/\/norrlandsoperan.se\/en\/wp-json\/wp\/v2\/pages\/2416\/revisions"}],"predecessor-version":[{"id":2821,"href":"https:\/\/norrlandsoperan.se\/en\/wp-json\/wp\/v2\/pages\/2416\/revisions\/2821"}],"up":[{"embeddable":true,"href":"https:\/\/norrlandsoperan.se\/en\/wp-json\/wp\/v2\/pages\/1017"}],"wp:attachment":[{"href":"https:\/\/norrlandsoperan.se\/en\/wp-json\/wp\/v2\/media?parent=2416"}],"curies":[{"name":"wp","href":"https:\/\/api.w.org\/{rel}","templated":true}]}}