{"id":4697,"date":"2024-06-04T08:43:33","date_gmt":"2024-06-04T06:43:33","guid":{"rendered":"https:\/\/norrlandsoperan.se\/dans\/"},"modified":"2024-06-12T09:46:06","modified_gmt":"2024-06-12T07:46:06","slug":"dance","status":"publish","type":"page","link":"https:\/\/norrlandsoperan.se\/en\/dance\/","title":{"rendered":"Dance"},"content":{"rendered":"\n<section class=\"wp-block-noor-blocks-section nb-section position-relative  py-64 py-md-80 pt-lg-96 pb-lg-112\">\n<div class=\"wp-block-noor-blocks-container nb-container container-fluid\">\n<div class=\"wp-block-noor-blocks-row nb-row row\">\n<div class=\"wp-block-noor-blocks-column col nb-column col-12 col-md-10 col-lg-5 col-xl-5 offset-md-1 offset-lg-1 offset-xl-2\">\n<div class=\"wp-block-noor-blocks-group nb-group d-flex flex-column align-items-start justify-content-center h-100\">\n<h1 class=\"wp-block-noor-blocks-heading nb-heading nb-cursor-default nb-heading-h1 hero2 content-animation text-break\">Dance<\/h1>\n\n\n\n<p class=\"wp-block-noor-blocks-paragraph nb-paragraph mb-64 mb-md-64 m-lg-0 pe-md-64 ps-md-96 pe-lg-64 ps-lg-96 no-top-line-small lead-text\">Norrlandsoperan is one of Sweden&#8217;s strongest and most successful platforms for contemporary dance. We do not have our own dance ensemble, but focus on collaborations both nationally and internationally. Through Norrlandsoperan, the audience can take part in the experimental and innovative as well as the established and more traditional. Our program should offer something for all ages and for all tastes, we want to make the diversity of dance available to everyone, while at the same time contributing to the development of the art form here in the north.<\/p>\n<\/div>\n<\/div>\n\n\n\n<div class=\"wp-block-noor-blocks-column col nb-column align-self-lg-center col-12 col-md-8 col-lg-5 col-xl-3 offset-md-2 offset-lg-0 offset-xl-0\">\n<picture class=\"wp-block-noor-blocks-image nb-mask nb-image\"><img src=\"https:\/\/norrlandsoperan.se\/wp-content\/uploads\/2024\/05\/hyperspace2_800.jpg\" alt=\"\" loading=\"eager\" decoding=\"async\" srcset=\"https:\/\/norrlandsoperan.se\/wp-content\/uploads\/2024\/05\/hyperspace2_800.jpg 571w, https:\/\/norrlandsoperan.se\/wp-content\/uploads\/2024\/05\/hyperspace2_800-150x150.jpg 150w, https:\/\/norrlandsoperan.se\/wp-content\/uploads\/2024\/05\/hyperspace2_800-214x300.jpg 214w\" class=\" object-fit-cover object-position-center\"\/><\/picture>\n<\/div>\n<\/div>\n<\/div>\n<\/section>\n\n\n\n<section class=\"wp-block-noor-blocks-section nb-section position-relative  pt-64 pb-96 pt-md-80 pb-md-128 py-lg-176\">\n<div class=\"wp-block-noor-blocks-container nb-container container-fluid\">\n<div class=\"wp-block-noor-blocks-row nb-row row\">\n<div class=\"wp-block-noor-blocks-column col nb-column col-md-10 offset-md-1\">\n<div class=\"wp-block-noor-blocks-row nb-row row\">\n<div class=\"wp-block-noor-blocks-column col nb-column align-self-lg-center col-12 col-lg-6  order-2 order-lg-1\">\n<picture class=\"wp-block-noor-blocks-image nb-mask nb-image false  mt-48 mt-lg-0\" style=\"width:-1px\"><img src=\"https:\/\/norrlandsoperan.se\/wp-content\/uploads\/2024\/05\/dancer2-kopiera.jpg\" alt=\"\" loading=\"eager\" decoding=\"async\" srcset=\"https:\/\/norrlandsoperan.se\/wp-content\/uploads\/2024\/05\/dancer2-kopiera.jpg 800w, https:\/\/norrlandsoperan.se\/wp-content\/uploads\/2024\/05\/dancer2-kopiera-150x150.jpg 150w, https:\/\/norrlandsoperan.se\/wp-content\/uploads\/2024\/05\/dancer2-kopiera-300x215.jpg 300w\" sizes=\"(max-width: -1px) 100vw, -1px\" class=\"false object-fit-cover object-position-center\"\/><\/picture>\n<\/div>\n\n\n\n<div class=\"wp-block-noor-blocks-column col nb-column col-12 col-lg-5 offset-lg-1 order-1 order-lg-2\">\n<div class=\"wp-block-noor-blocks-group nb-group d-flex flex-column align-items-start justify-content-center  h-100\">\n<h2 class=\"wp-block-noor-blocks-heading nb-heading nb-cursor-default nb-heading-h2 content-animation\">Dans i V\u00e4sterbotten<\/h2>\n\n\n\n<p class=\"wp-block-noor-blocks-paragraph nb-paragraph mb-lg-40 pe-lg-80 no-top-line-small\">Dans i V\u00e4sterbotten is a regional operation that aims to work for the status of dance in the county, with a special focus on children and young people. Dans i V\u00e4sterbotten is part of the consulting business in the county, which has its mission from Region V\u00e4sterbotten.<\/p>\n\n\n\n<div class=\"wp-block-noor-blocks-group nb-group\">\n<a href=\"https:\/\/norrlandsoperan.se\/en\/dans-i-vasterbotten\/\" role=\"button\" class=\"wp-block-noor-blocks-button nb-btn nb-btn-custom bg-black px-24 py-12 px-lg-32 py-lg-16 text-white bg-hover-white text-hover-black\" style=\"border-radius:0px;border-width:2px;border-color:black\"><span class=\"nb-button-overlay\"><\/span><span class=\"nb-btn-text\">Discover Dans i V\u00e4sterbotten<\/span><\/a>\n<\/div>\n<\/div>\n<\/div>\n<\/div>\n<\/div>\n<\/div>\n<\/div>\n<\/section>\n\n\n\n<section class=\"wp-block-noor-blocks-section nb-section position-relative  py-80 py-md-128 py-lg-192\">\n<div class=\"wp-block-noor-blocks-container nb-container container-fluid\">\n<div class=\"wp-block-noor-blocks-row nb-row row  gy-96 gy-md-128 gy-lg-192\">\n<div class=\"wp-block-noor-blocks-column col nb-column col-12 col-md-10 offset-md-1\">\n<div class=\"wp-block-noor-blocks-row nb-row row\">\n<div class=\"wp-block-noor-blocks-column col nb-column align-self-lg-center col-12 col-lg-5\">\n<div class=\"wp-block-noor-blocks-group nb-group d-flex flex-column align-items-start justify-content-center  h-100\">\n<h2 class=\"wp-block-noor-blocks-heading nb-heading nb-cursor-default nb-heading-h2 content-animation\">Projects and collaborations<\/h2>\n\n\n\n<p>It is just as fun to team up with Ume\u00e5 Teaterf\u00f6rening, Balettakademin and the tour network Dansn\u00e4t Sverige, as with international partners such as Aerowaves. We have a long tradition of working with various EU projects, where together with organizers in other countries we create networks, job opportunities and lots of new dance.<\/p>\n\n\n\n<p><\/p>\n\n\n\n<div class=\"wp-block-noor-blocks-group nb-group\">\n<a href=\"https:\/\/norrlandsoperan.se\/en\/projects\/\" role=\"button\" class=\"wp-block-noor-blocks-button nb-btn nb-btn-custom bg-black px-24 py-12 px-lg-32 py-lg-16 text-white bg-hover-white text-hover-black\" style=\"border-radius:0px;border-width:2px;border-color:black\"><span class=\"nb-button-overlay\"><\/span><span class=\"nb-btn-text\">Discover our projects<\/span><\/a>\n<\/div>\n<\/div>\n<\/div>\n\n\n\n<div class=\"wp-block-noor-blocks-column col nb-column col-12 col-lg-6 offset-lg-1\">\n<picture class=\"wp-block-noor-blocks-image nb-mask nb-image false  mt-48 mt-lg-0\" style=\"width:-1px\"><img src=\"https:\/\/norrlandsoperan.se\/wp-content\/uploads\/2024\/05\/Upnorth_DSC03248_3_800.jpg\" alt=\"\" loading=\"eager\" decoding=\"async\" srcset=\"https:\/\/norrlandsoperan.se\/wp-content\/uploads\/2024\/05\/Upnorth_DSC03248_3_800.jpg 800w, https:\/\/norrlandsoperan.se\/wp-content\/uploads\/2024\/05\/Upnorth_DSC03248_3_800-150x150.jpg 150w, https:\/\/norrlandsoperan.se\/wp-content\/uploads\/2024\/05\/Upnorth_DSC03248_3_800-300x200.jpg 300w\" sizes=\"(max-width: -1px) 100vw, -1px\" class=\"false object-fit-cover object-position-center\"\/><\/picture>\n<\/div>\n<\/div>\n<\/div>\n<\/div>\n<\/div>\n<\/section>\n","protected":false},"excerpt":{"rendered":"","protected":false},"author":3,"featured_media":0,"parent":0,"menu_order":0,"comment_status":"closed","ping_status":"closed","template":"","meta":{"footnotes":""},"class_list":["post-4697","page","type-page","status-publish","hentry"],"yoast_head":"<!-- This site is optimized with the Yoast SEO plugin v27.3 - https:\/\/yoast.com\/product\/yoast-seo-wordpress\/ -->\n<title>Operaverksamhet | Norrlandsoperan<\/title>\n<meta name=\"description\" content=\"Uppt\u00e4ck arbetet bakom kulisserna som g\u00f6r v\u00e5ra operaupps\u00e4ttningar unika.\" \/>\n<meta name=\"robots\" content=\"index, follow, max-snippet:-1, max-image-preview:large, max-video-preview:-1\" \/>\n<link rel=\"canonical\" href=\"https:\/\/norrlandsoperan.se\/en\/dance\/\" \/>\n<meta property=\"og:locale\" content=\"en_US\" \/>\n<meta property=\"og:type\" content=\"article\" \/>\n<meta property=\"og:title\" content=\"Operaverksamhet | Norrlandsoperan\" \/>\n<meta property=\"og:description\" content=\"Uppt\u00e4ck arbetet bakom kulisserna som g\u00f6r v\u00e5ra operaupps\u00e4ttningar unika.\" \/>\n<meta property=\"og:url\" content=\"https:\/\/norrlandsoperan.se\/en\/dance\/\" \/>\n<meta property=\"og:site_name\" content=\"Norrlandsoperan\" \/>\n<meta property=\"article:modified_time\" content=\"2024-06-12T07:46:06+00:00\" \/>\n<meta property=\"og:image\" content=\"https:\/\/norrlandsoperan.se\/wp-content\/uploads\/2024\/05\/hyperspace2_800.jpg\" \/>\n<meta name=\"twitter:card\" content=\"summary_large_image\" \/>\n<meta name=\"twitter:label1\" content=\"Est. reading time\" \/>\n\t<meta name=\"twitter:data1\" content=\"2 minutes\" \/>\n<script type=\"application\/ld+json\" class=\"yoast-schema-graph\">{\"@context\":\"https:\\\/\\\/schema.org\",\"@graph\":[{\"@type\":\"WebPage\",\"@id\":\"https:\\\/\\\/norrlandsoperan.se\\\/en\\\/dance\\\/\",\"url\":\"https:\\\/\\\/norrlandsoperan.se\\\/en\\\/dance\\\/\",\"name\":\"Operaverksamhet | Norrlandsoperan\",\"isPartOf\":{\"@id\":\"https:\\\/\\\/norrlandsoperan.se\\\/en\\\/#website\"},\"primaryImageOfPage\":{\"@id\":\"https:\\\/\\\/norrlandsoperan.se\\\/en\\\/dance\\\/#primaryimage\"},\"image\":{\"@id\":\"https:\\\/\\\/norrlandsoperan.se\\\/en\\\/dance\\\/#primaryimage\"},\"thumbnailUrl\":\"https:\\\/\\\/norrlandsoperan.se\\\/wp-content\\\/uploads\\\/2024\\\/05\\\/hyperspace2_800.jpg\",\"datePublished\":\"2024-06-04T06:43:33+00:00\",\"dateModified\":\"2024-06-12T07:46:06+00:00\",\"description\":\"Uppt\u00e4ck arbetet bakom kulisserna som g\u00f6r v\u00e5ra operaupps\u00e4ttningar unika.\",\"breadcrumb\":{\"@id\":\"https:\\\/\\\/norrlandsoperan.se\\\/en\\\/dance\\\/#breadcrumb\"},\"inLanguage\":\"en-US\",\"potentialAction\":[{\"@type\":\"ReadAction\",\"target\":[\"https:\\\/\\\/norrlandsoperan.se\\\/en\\\/dance\\\/\"]}]},{\"@type\":\"ImageObject\",\"inLanguage\":\"en-US\",\"@id\":\"https:\\\/\\\/norrlandsoperan.se\\\/en\\\/dance\\\/#primaryimage\",\"url\":\"https:\\\/\\\/norrlandsoperan.se\\\/wp-content\\\/uploads\\\/2024\\\/05\\\/hyperspace2_800.jpg\",\"contentUrl\":\"https:\\\/\\\/norrlandsoperan.se\\\/wp-content\\\/uploads\\\/2024\\\/05\\\/hyperspace2_800.jpg\"},{\"@type\":\"BreadcrumbList\",\"@id\":\"https:\\\/\\\/norrlandsoperan.se\\\/en\\\/dance\\\/#breadcrumb\",\"itemListElement\":[{\"@type\":\"ListItem\",\"position\":1,\"name\":\"Home\",\"item\":\"https:\\\/\\\/norrlandsoperan.se\\\/en\\\/\"},{\"@type\":\"ListItem\",\"position\":2,\"name\":\"Dance\"}]},{\"@type\":\"WebSite\",\"@id\":\"https:\\\/\\\/norrlandsoperan.se\\\/en\\\/#website\",\"url\":\"https:\\\/\\\/norrlandsoperan.se\\\/en\\\/\",\"name\":\"Norrlandsoperan\",\"description\":\"\",\"potentialAction\":[{\"@type\":\"SearchAction\",\"target\":{\"@type\":\"EntryPoint\",\"urlTemplate\":\"https:\\\/\\\/norrlandsoperan.se\\\/en\\\/?s={search_term_string}\"},\"query-input\":{\"@type\":\"PropertyValueSpecification\",\"valueRequired\":true,\"valueName\":\"search_term_string\"}}],\"inLanguage\":\"en-US\"}]}<\/script>\n<!-- \/ Yoast SEO plugin. -->","yoast_head_json":{"title":"Operaverksamhet | Norrlandsoperan","description":"Uppt\u00e4ck arbetet bakom kulisserna som g\u00f6r v\u00e5ra operaupps\u00e4ttningar unika.","robots":{"index":"index","follow":"follow","max-snippet":"max-snippet:-1","max-image-preview":"max-image-preview:large","max-video-preview":"max-video-preview:-1"},"canonical":"https:\/\/norrlandsoperan.se\/en\/dance\/","og_locale":"en_US","og_type":"article","og_title":"Operaverksamhet | Norrlandsoperan","og_description":"Uppt\u00e4ck arbetet bakom kulisserna som g\u00f6r v\u00e5ra operaupps\u00e4ttningar unika.","og_url":"https:\/\/norrlandsoperan.se\/en\/dance\/","og_site_name":"Norrlandsoperan","article_modified_time":"2024-06-12T07:46:06+00:00","og_image":[{"url":"https:\/\/norrlandsoperan.se\/wp-content\/uploads\/2024\/05\/hyperspace2_800.jpg","type":"","width":"","height":""}],"twitter_card":"summary_large_image","twitter_misc":{"Est. reading time":"2 minutes"},"schema":{"@context":"https:\/\/schema.org","@graph":[{"@type":"WebPage","@id":"https:\/\/norrlandsoperan.se\/en\/dance\/","url":"https:\/\/norrlandsoperan.se\/en\/dance\/","name":"Operaverksamhet | Norrlandsoperan","isPartOf":{"@id":"https:\/\/norrlandsoperan.se\/en\/#website"},"primaryImageOfPage":{"@id":"https:\/\/norrlandsoperan.se\/en\/dance\/#primaryimage"},"image":{"@id":"https:\/\/norrlandsoperan.se\/en\/dance\/#primaryimage"},"thumbnailUrl":"https:\/\/norrlandsoperan.se\/wp-content\/uploads\/2024\/05\/hyperspace2_800.jpg","datePublished":"2024-06-04T06:43:33+00:00","dateModified":"2024-06-12T07:46:06+00:00","description":"Uppt\u00e4ck arbetet bakom kulisserna som g\u00f6r v\u00e5ra operaupps\u00e4ttningar unika.","breadcrumb":{"@id":"https:\/\/norrlandsoperan.se\/en\/dance\/#breadcrumb"},"inLanguage":"en-US","potentialAction":[{"@type":"ReadAction","target":["https:\/\/norrlandsoperan.se\/en\/dance\/"]}]},{"@type":"ImageObject","inLanguage":"en-US","@id":"https:\/\/norrlandsoperan.se\/en\/dance\/#primaryimage","url":"https:\/\/norrlandsoperan.se\/wp-content\/uploads\/2024\/05\/hyperspace2_800.jpg","contentUrl":"https:\/\/norrlandsoperan.se\/wp-content\/uploads\/2024\/05\/hyperspace2_800.jpg"},{"@type":"BreadcrumbList","@id":"https:\/\/norrlandsoperan.se\/en\/dance\/#breadcrumb","itemListElement":[{"@type":"ListItem","position":1,"name":"Home","item":"https:\/\/norrlandsoperan.se\/en\/"},{"@type":"ListItem","position":2,"name":"Dance"}]},{"@type":"WebSite","@id":"https:\/\/norrlandsoperan.se\/en\/#website","url":"https:\/\/norrlandsoperan.se\/en\/","name":"Norrlandsoperan","description":"","potentialAction":[{"@type":"SearchAction","target":{"@type":"EntryPoint","urlTemplate":"https:\/\/norrlandsoperan.se\/en\/?s={search_term_string}"},"query-input":{"@type":"PropertyValueSpecification","valueRequired":true,"valueName":"search_term_string"}}],"inLanguage":"en-US"}]}},"_links":{"self":[{"href":"https:\/\/norrlandsoperan.se\/en\/wp-json\/wp\/v2\/pages\/4697","targetHints":{"allow":["GET"]}}],"collection":[{"href":"https:\/\/norrlandsoperan.se\/en\/wp-json\/wp\/v2\/pages"}],"about":[{"href":"https:\/\/norrlandsoperan.se\/en\/wp-json\/wp\/v2\/types\/page"}],"author":[{"embeddable":true,"href":"https:\/\/norrlandsoperan.se\/en\/wp-json\/wp\/v2\/users\/3"}],"replies":[{"embeddable":true,"href":"https:\/\/norrlandsoperan.se\/en\/wp-json\/wp\/v2\/comments?post=4697"}],"version-history":[{"count":7,"href":"https:\/\/norrlandsoperan.se\/en\/wp-json\/wp\/v2\/pages\/4697\/revisions"}],"predecessor-version":[{"id":4801,"href":"https:\/\/norrlandsoperan.se\/en\/wp-json\/wp\/v2\/pages\/4697\/revisions\/4801"}],"wp:attachment":[{"href":"https:\/\/norrlandsoperan.se\/en\/wp-json\/wp\/v2\/media?parent=4697"}],"curies":[{"name":"wp","href":"https:\/\/api.w.org\/{rel}","templated":true}]}}